{"id":2045,"date":"2021-03-09T13:57:17","date_gmt":"2021-03-09T13:57:17","guid":{"rendered":"https:\/\/enskaehitus.ee\/%d1%81%d0%b5%d1%80%d1%82%d0%b8%d1%84%d0%b8%d0%ba%d0%b0%d1%82%d1%8b\/"},"modified":"2024-03-17T11:40:06","modified_gmt":"2024-03-17T11:40:06","slug":"%d1%81%d0%b5%d1%80%d1%82%d0%b8%d1%84%d0%b8%d0%ba%d0%b0%d1%82%d1%8b","status":"publish","type":"page","link":"https:\/\/enskaehitus.ee\/ru\/%d1%81%d0%b5%d1%80%d1%82%d0%b8%d1%84%d0%b8%d0%ba%d0%b0%d1%82%d1%8b\/","title":{"rendered":"\u0421\u0415\u0420\u0422\u0418\u0424\u0418\u041a\u0410\u0422\u042b"},"content":{"rendered":"\n<style type=\"text\/css\" data-created_by=\"avia_inline_auto\" id=\"style-css-av-km21p3a8-4e93acd9f391bb13b86eea7868c28a28\">\n#top .avia-gallery.av-km21p3a8-4e93acd9f391bb13b86eea7868c28a28 .avia-gallery-thumb a{\nwidth:20%;\n}\n<\/style>\n<div  class='avia-gallery av-km21p3a8-4e93acd9f391bb13b86eea7868c28a28 avia_animate_when_visible  avia-builder-el-0  el_before_av_textblock  avia-builder-el-first  avia_lazyload avia-gallery-animate avia-gallery-1'  itemprop=\"image\" itemscope=\"itemscope\" itemtype=\"https:\/\/schema.org\/ImageObject\" ><meta itemprop=\"contentURL\" content=\"https:\/\/enskaehitus.ee\/ru\/%d1%81%d0%b5%d1%80%d1%82%d0%b8%d1%84%d0%b8%d0%ba%d0%b0%d1%82%d1%8b\/\"><div class='avia-gallery-thumb'><a href=\"https:\/\/enskaehitus.ee\/wp-content\/uploads\/2024\/03\/Enska-ehitus-OU_sertifikaadid_2024_page-0002-796x1030.jpg\" data-srcset=\"https:\/\/enskaehitus.ee\/wp-content\/uploads\/2024\/03\/Enska-ehitus-OU_sertifikaadid_2024_page-0002-796x1030.jpg 796w, https:\/\/enskaehitus.ee\/wp-content\/uploads\/2024\/03\/Enska-ehitus-OU_sertifikaadid_2024_page-0002-232x300.jpg 232w, https:\/\/enskaehitus.ee\/wp-content\/uploads\/2024\/03\/Enska-ehitus-OU_sertifikaadid_2024_page-0002-768x994.jpg 768w, https:\/\/enskaehitus.ee\/wp-content\/uploads\/2024\/03\/Enska-ehitus-OU_sertifikaadid_2024_page-0002-1187x1536.jpg 1187w, https:\/\/enskaehitus.ee\/wp-content\/uploads\/2024\/03\/Enska-ehitus-OU_sertifikaadid_2024_page-0002-1159x1500.jpg 1159w, https:\/\/enskaehitus.ee\/wp-content\/uploads\/2024\/03\/Enska-ehitus-OU_sertifikaadid_2024_page-0002-545x705.jpg 545w, https:\/\/enskaehitus.ee\/wp-content\/uploads\/2024\/03\/Enska-ehitus-OU_sertifikaadid_2024_page-0002.jpg 1275w\" data-sizes=\"(max-width: 796px) 100vw, 796px\" data-rel='gallery-1' data-prev-img='https:\/\/enskaehitus.ee\/wp-content\/uploads\/2024\/03\/Enska-ehitus-OU_sertifikaadid_2024_page-0002-495x400.jpg' class='first_thumb lightbox ' data-onclick='1' title=''  itemprop=\"thumbnailUrl\"  ><img decoding=\"async\" fetchpriority=\"high\" class=\"wp-image-3503 avia-img-lazy-loading-not-3503\"   src=\"https:\/\/enskaehitus.ee\/wp-content\/uploads\/2024\/03\/Enska-ehitus-OU_sertifikaadid_2024_page-0002-495x400.jpg\" width=\"495\" height=\"400\"  title='' alt='' srcset=\"https:\/\/enskaehitus.ee\/wp-content\/uploads\/2024\/03\/Enska-ehitus-OU_sertifikaadid_2024_page-0002-495x400.jpg 495w, https:\/\/enskaehitus.ee\/wp-content\/uploads\/2024\/03\/Enska-ehitus-OU_sertifikaadid_2024_page-0002-845x684.jpg 845w\" sizes=\"(max-width: 495px) 100vw, 495px\" \/><div class='big-prev-fake'><img decoding=\"async\" loading=\"lazy\" class=\"wp-image-3503 avia-img-lazy-loading-3503\"  width=\"495\" height=\"400\" src=\"https:\/\/enskaehitus.ee\/wp-content\/uploads\/2024\/03\/Enska-ehitus-OU_sertifikaadid_2024_page-0002-495x400.jpg\" title='' alt='' srcset=\"https:\/\/enskaehitus.ee\/wp-content\/uploads\/2024\/03\/Enska-ehitus-OU_sertifikaadid_2024_page-0002-495x400.jpg 495w, https:\/\/enskaehitus.ee\/wp-content\/uploads\/2024\/03\/Enska-ehitus-OU_sertifikaadid_2024_page-0002-845x684.jpg 845w\" sizes=\"(max-width: 495px) 100vw, 495px\" \/><\/div><\/a><a href=\"https:\/\/enskaehitus.ee\/wp-content\/uploads\/2024\/03\/Enska-ehitus-OU_sertifikaadid_2024_page-0004-796x1030.jpg\" data-srcset=\"https:\/\/enskaehitus.ee\/wp-content\/uploads\/2024\/03\/Enska-ehitus-OU_sertifikaadid_2024_page-0004-796x1030.jpg 796w, https:\/\/enskaehitus.ee\/wp-content\/uploads\/2024\/03\/Enska-ehitus-OU_sertifikaadid_2024_page-0004-232x300.jpg 232w, https:\/\/enskaehitus.ee\/wp-content\/uploads\/2024\/03\/Enska-ehitus-OU_sertifikaadid_2024_page-0004-768x994.jpg 768w, https:\/\/enskaehitus.ee\/wp-content\/uploads\/2024\/03\/Enska-ehitus-OU_sertifikaadid_2024_page-0004-1187x1536.jpg 1187w, https:\/\/enskaehitus.ee\/wp-content\/uploads\/2024\/03\/Enska-ehitus-OU_sertifikaadid_2024_page-0004-1159x1500.jpg 1159w, https:\/\/enskaehitus.ee\/wp-content\/uploads\/2024\/03\/Enska-ehitus-OU_sertifikaadid_2024_page-0004-545x705.jpg 545w, https:\/\/enskaehitus.ee\/wp-content\/uploads\/2024\/03\/Enska-ehitus-OU_sertifikaadid_2024_page-0004.jpg 1275w\" data-sizes=\"(max-width: 796px) 100vw, 796px\" data-rel='gallery-1' data-prev-img='https:\/\/enskaehitus.ee\/wp-content\/uploads\/2024\/03\/Enska-ehitus-OU_sertifikaadid_2024_page-0004-495x400.jpg' class='lightbox ' data-onclick='2' title=''  itemprop=\"thumbnailUrl\"  ><img decoding=\"async\" fetchpriority=\"high\" class=\"wp-image-3505 avia-img-lazy-loading-not-3505\"   src=\"https:\/\/enskaehitus.ee\/wp-content\/uploads\/2024\/03\/Enska-ehitus-OU_sertifikaadid_2024_page-0004-495x400.jpg\" width=\"495\" height=\"400\"  title='' alt='' srcset=\"https:\/\/enskaehitus.ee\/wp-content\/uploads\/2024\/03\/Enska-ehitus-OU_sertifikaadid_2024_page-0004-495x400.jpg 495w, https:\/\/enskaehitus.ee\/wp-content\/uploads\/2024\/03\/Enska-ehitus-OU_sertifikaadid_2024_page-0004-845x684.jpg 845w\" sizes=\"(max-width: 495px) 100vw, 495px\" \/><div class='big-prev-fake'><img decoding=\"async\" loading=\"lazy\" class=\"wp-image-3505 avia-img-lazy-loading-3505\"  width=\"495\" height=\"400\" src=\"https:\/\/enskaehitus.ee\/wp-content\/uploads\/2024\/03\/Enska-ehitus-OU_sertifikaadid_2024_page-0004-495x400.jpg\" title='' alt='' srcset=\"https:\/\/enskaehitus.ee\/wp-content\/uploads\/2024\/03\/Enska-ehitus-OU_sertifikaadid_2024_page-0004-495x400.jpg 495w, https:\/\/enskaehitus.ee\/wp-content\/uploads\/2024\/03\/Enska-ehitus-OU_sertifikaadid_2024_page-0004-845x684.jpg 845w\" sizes=\"(max-width: 495px) 100vw, 495px\" \/><\/div><\/a><\/div><\/div>\n<section  class='av_textblock_section av-kzwhea6f-31b11908f685446acbb7a3d89c8e87f1 '   itemscope=\"itemscope\" itemtype=\"https:\/\/schema.org\/CreativeWork\" ><div class='avia_textblock'  itemprop=\"text\" ><p><strong>Kvaliteedi- ja keskkonna-alased juhtp\u00f5him\u00f5tted<\/strong><\/p>\n<p>Kvaliteedi- ja keskkonna-alaste juhtp\u00f5him\u00f5tete rakendamisega tagame oma p\u00f5hiprotsesside pideva toimimise koosk\u00f5las standardite ISO 9001:2015 ja ISO 14001:2015 n\u00f5uetega.<\/p>\n<p>Enska ehitus O\u00dc tegutsemise aluseks on pakutavate t\u00f6\u00f6de k\u00f5rge kvaliteet vastavalt k\u00f5igile,\u00a0 sealhulgas keskkonna-alastele, kehtestatud\u00a0 n\u00f5uetele ja t\u00e4pne vastavus kliendi n\u00f5uetele, mis v\u00f5imaldab pidevalt konkurentsis p\u00fcsida nii hinna ja kvaliteedi suhtega, kui klientidele pakutavate t\u00f6\u00f6de tasemega. Meie hea tegevuspraktika keskendub t\u00f6\u00f6de kvaliteedi tagamisele, t\u00f6\u00f6de kvaliteedi kontrollimisele ja on suunatud k\u00f5igile kvaliteedi- ja keskkonnajuhtimise aspektidele. Me valime uutest tehnoloogiatest, seadmetest v\u00f5i materjalidest majanduslikult m\u00f5istliku ja keskkonnas\u00f5braliku lahenduse. Me ennetame keskkonnareostust maksimaalselt (st k\u00f5igi meie k\u00e4sutuses olevate vahenditega), v\u00e4hendame oma tegevusest tulenevat negatiivset keskkonnam\u00f5ju ja teavitama koheselt avalikkust v\u00f5imaliku keskkonnam\u00f5ju osas. Enska ehitus O\u00dc t\u00e4idab k\u00f5iki kohustusi, mis tulenevad tellimustest, lepingutest ja seadustest ning loob tugeva aluse huvir\u00fchmade rahulolu saavutamiseks. Meie jaoks on kvaliteet klientide ja partnerite n\u00f5uetele vastavus ja paindlik reageerimine muutustele \u00fcmbritsevas majanduskeskkonnas, mis v\u00e4ljendub oma tegevuste pideva parendamise p\u00f5him\u00f5ttes ning selleks v\u00f5tame arvesse ja hindame k\u00f5rgelt klientidelt saadud tagasisidet oma t\u00f6\u00f6dele. Iga t\u00f6\u00f6taja vastutab isiklikult oma t\u00f6\u00f6 tulemuste eest. Oma t\u00f6\u00f6tajate p\u00e4devuse hoidmine ja t\u00f5stmine tugineb s\u00fcstemaatilisel koolitusel.<\/p>\n<p>Juhtimiss\u00fcsteemi juhtp\u00f5him\u00f5tted on edastatud ja selgitatud k\u00f5ikidele ettev\u00f5tte t\u00f6\u00f6tajatele ja teistele huvipooltele on need k\u00e4ttesaadavad internetis ettev\u00f5tte kodulehel. Juhtimiss\u00fcsteemi juhtp\u00f5him\u00f5tete ellu rakendamiseks on p\u00fcstitatud m\u00f5\u00f5detavad kvaliteedi- ja keskkonnaalased eesm\u00e4rgid, mis on dokumenteeritud ja kinnitatud tegevjuhi poolt.<\/p>\n<\/div><\/section>\n","protected":false},"excerpt":{"rendered":"","protected":false},"author":4,"featured_media":0,"parent":0,"menu_order":0,"comment_status":"closed","ping_status":"closed","template":"","meta":{"_exactmetrics_skip_tracking":false,"_exactmetrics_sitenote_active":false,"_exactmetrics_sitenote_note":"","_exactmetrics_sitenote_category":0,"footnotes":""},"yoast_head":"<!-- This site is optimized with the Yoast SEO plugin v23.5 - https:\/\/yoast.com\/wordpress\/plugins\/seo\/ -->\n<title>\u0421\u0435\u0440\u0442\u0438\u0444\u0438\u043a\u0430\u0442\u044b | Enska ehitus O\u00dc<\/title>\n<meta name=\"robots\" content=\"index, follow, max-snippet:-1, max-image-preview:large, max-video-preview:-1\" \/>\n<link rel=\"canonical\" href=\"https:\/\/enskaehitus.ee\/ru\/\u0441\u0435\u0440\u0442\u0438\u0444\u0438\u043a\u0430\u0442\u044b\/\" \/>\n<meta property=\"og:locale\" content=\"ru_RU\" \/>\n<meta property=\"og:type\" content=\"article\" \/>\n<meta property=\"og:title\" content=\"\u0421\u0435\u0440\u0442\u0438\u0444\u0438\u043a\u0430\u0442\u044b | Enska ehitus O\u00dc\" \/>\n<meta property=\"og:url\" content=\"https:\/\/enskaehitus.ee\/ru\/\u0441\u0435\u0440\u0442\u0438\u0444\u0438\u043a\u0430\u0442\u044b\/\" \/>\n<meta property=\"og:site_name\" content=\"Mekx\" \/>\n<meta property=\"article:modified_time\" content=\"2024-03-17T11:40:06+00:00\" \/>\n<meta name=\"twitter:card\" content=\"summary_large_image\" \/>\n<meta name=\"twitter:label1\" content=\"\u041f\u0440\u0438\u043c\u0435\u0440\u043d\u043e\u0435 \u0432\u0440\u0435\u043c\u044f \u0434\u043b\u044f \u0447\u0442\u0435\u043d\u0438\u044f\" \/>\n\t<meta name=\"twitter:data1\" content=\"2 \u043c\u0438\u043d\u0443\u0442\u044b\" \/>\n<script type=\"application\/ld+json\" class=\"yoast-schema-graph\">{\"@context\":\"https:\/\/schema.org\",\"@graph\":[{\"@type\":\"WebPage\",\"@id\":\"https:\/\/enskaehitus.ee\/ru\/%d1%81%d0%b5%d1%80%d1%82%d0%b8%d1%84%d0%b8%d0%ba%d0%b0%d1%82%d1%8b\/\",\"url\":\"https:\/\/enskaehitus.ee\/ru\/%d1%81%d0%b5%d1%80%d1%82%d0%b8%d1%84%d0%b8%d0%ba%d0%b0%d1%82%d1%8b\/\",\"name\":\"\u0421\u0435\u0440\u0442\u0438\u0444\u0438\u043a\u0430\u0442\u044b | Enska ehitus O\u00dc\",\"isPartOf\":{\"@id\":\"https:\/\/enskaehitus.ee\/ru\/#website\"},\"datePublished\":\"2021-03-09T13:57:17+00:00\",\"dateModified\":\"2024-03-17T11:40:06+00:00\",\"breadcrumb\":{\"@id\":\"https:\/\/enskaehitus.ee\/ru\/%d1%81%d0%b5%d1%80%d1%82%d0%b8%d1%84%d0%b8%d0%ba%d0%b0%d1%82%d1%8b\/#breadcrumb\"},\"inLanguage\":\"ru-RU\",\"potentialAction\":[{\"@type\":\"ReadAction\",\"target\":[\"https:\/\/enskaehitus.ee\/ru\/%d1%81%d0%b5%d1%80%d1%82%d0%b8%d1%84%d0%b8%d0%ba%d0%b0%d1%82%d1%8b\/\"]}]},{\"@type\":\"BreadcrumbList\",\"@id\":\"https:\/\/enskaehitus.ee\/ru\/%d1%81%d0%b5%d1%80%d1%82%d0%b8%d1%84%d0%b8%d0%ba%d0%b0%d1%82%d1%8b\/#breadcrumb\",\"itemListElement\":[{\"@type\":\"ListItem\",\"position\":1,\"name\":\"Home\",\"item\":\"https:\/\/enskaehitus.ee\/ru\/%d1%81%d1%82%d1%80%d0%be%d0%b8%d1%82%d0%b5%d0%bb%d1%8c%d0%bd%d0%b0%d1%8f-%d1%84%d0%b8%d1%80%d0%bc%d0%b0\/\"},{\"@type\":\"ListItem\",\"position\":2,\"name\":\"\u0421\u0415\u0420\u0422\u0418\u0424\u0418\u041a\u0410\u0422\u042b\"}]},{\"@type\":\"WebSite\",\"@id\":\"https:\/\/enskaehitus.ee\/ru\/#website\",\"url\":\"https:\/\/enskaehitus.ee\/ru\/\",\"name\":\"Mekx\",\"description\":\"Ehitusfirma\",\"potentialAction\":[{\"@type\":\"SearchAction\",\"target\":{\"@type\":\"EntryPoint\",\"urlTemplate\":\"https:\/\/enskaehitus.ee\/ru\/?s={search_term_string}\"},\"query-input\":{\"@type\":\"PropertyValueSpecification\",\"valueRequired\":true,\"valueName\":\"search_term_string\"}}],\"inLanguage\":\"ru-RU\"}]}<\/script>\n<!-- \/ Yoast SEO plugin. -->","yoast_head_json":{"title":"\u0421\u0435\u0440\u0442\u0438\u0444\u0438\u043a\u0430\u0442\u044b | Enska ehitus O\u00dc","robots":{"index":"index","follow":"follow","max-snippet":"max-snippet:-1","max-image-preview":"max-image-preview:large","max-video-preview":"max-video-preview:-1"},"canonical":"https:\/\/enskaehitus.ee\/ru\/\u0441\u0435\u0440\u0442\u0438\u0444\u0438\u043a\u0430\u0442\u044b\/","og_locale":"ru_RU","og_type":"article","og_title":"\u0421\u0435\u0440\u0442\u0438\u0444\u0438\u043a\u0430\u0442\u044b | Enska ehitus O\u00dc","og_url":"https:\/\/enskaehitus.ee\/ru\/\u0441\u0435\u0440\u0442\u0438\u0444\u0438\u043a\u0430\u0442\u044b\/","og_site_name":"Mekx","article_modified_time":"2024-03-17T11:40:06+00:00","twitter_card":"summary_large_image","twitter_misc":{"\u041f\u0440\u0438\u043c\u0435\u0440\u043d\u043e\u0435 \u0432\u0440\u0435\u043c\u044f \u0434\u043b\u044f \u0447\u0442\u0435\u043d\u0438\u044f":"2 \u043c\u0438\u043d\u0443\u0442\u044b"},"schema":{"@context":"https:\/\/schema.org","@graph":[{"@type":"WebPage","@id":"https:\/\/enskaehitus.ee\/ru\/%d1%81%d0%b5%d1%80%d1%82%d0%b8%d1%84%d0%b8%d0%ba%d0%b0%d1%82%d1%8b\/","url":"https:\/\/enskaehitus.ee\/ru\/%d1%81%d0%b5%d1%80%d1%82%d0%b8%d1%84%d0%b8%d0%ba%d0%b0%d1%82%d1%8b\/","name":"\u0421\u0435\u0440\u0442\u0438\u0444\u0438\u043a\u0430\u0442\u044b | Enska ehitus O\u00dc","isPartOf":{"@id":"https:\/\/enskaehitus.ee\/ru\/#website"},"datePublished":"2021-03-09T13:57:17+00:00","dateModified":"2024-03-17T11:40:06+00:00","breadcrumb":{"@id":"https:\/\/enskaehitus.ee\/ru\/%d1%81%d0%b5%d1%80%d1%82%d0%b8%d1%84%d0%b8%d0%ba%d0%b0%d1%82%d1%8b\/#breadcrumb"},"inLanguage":"ru-RU","potentialAction":[{"@type":"ReadAction","target":["https:\/\/enskaehitus.ee\/ru\/%d1%81%d0%b5%d1%80%d1%82%d0%b8%d1%84%d0%b8%d0%ba%d0%b0%d1%82%d1%8b\/"]}]},{"@type":"BreadcrumbList","@id":"https:\/\/enskaehitus.ee\/ru\/%d1%81%d0%b5%d1%80%d1%82%d0%b8%d1%84%d0%b8%d0%ba%d0%b0%d1%82%d1%8b\/#breadcrumb","itemListElement":[{"@type":"ListItem","position":1,"name":"Home","item":"https:\/\/enskaehitus.ee\/ru\/%d1%81%d1%82%d1%80%d0%be%d0%b8%d1%82%d0%b5%d0%bb%d1%8c%d0%bd%d0%b0%d1%8f-%d1%84%d0%b8%d1%80%d0%bc%d0%b0\/"},{"@type":"ListItem","position":2,"name":"\u0421\u0415\u0420\u0422\u0418\u0424\u0418\u041a\u0410\u0422\u042b"}]},{"@type":"WebSite","@id":"https:\/\/enskaehitus.ee\/ru\/#website","url":"https:\/\/enskaehitus.ee\/ru\/","name":"Mekx","description":"Ehitusfirma","potentialAction":[{"@type":"SearchAction","target":{"@type":"EntryPoint","urlTemplate":"https:\/\/enskaehitus.ee\/ru\/?s={search_term_string}"},"query-input":{"@type":"PropertyValueSpecification","valueRequired":true,"valueName":"search_term_string"}}],"inLanguage":"ru-RU"}]}},"_links":{"self":[{"href":"https:\/\/enskaehitus.ee\/ru\/wp-json\/wp\/v2\/pages\/2045"}],"collection":[{"href":"https:\/\/enskaehitus.ee\/ru\/wp-json\/wp\/v2\/pages"}],"about":[{"href":"https:\/\/enskaehitus.ee\/ru\/wp-json\/wp\/v2\/types\/page"}],"author":[{"embeddable":true,"href":"https:\/\/enskaehitus.ee\/ru\/wp-json\/wp\/v2\/users\/4"}],"replies":[{"embeddable":true,"href":"https:\/\/enskaehitus.ee\/ru\/wp-json\/wp\/v2\/comments?post=2045"}],"version-history":[{"count":7,"href":"https:\/\/enskaehitus.ee\/ru\/wp-json\/wp\/v2\/pages\/2045\/revisions"}],"predecessor-version":[{"id":3507,"href":"https:\/\/enskaehitus.ee\/ru\/wp-json\/wp\/v2\/pages\/2045\/revisions\/3507"}],"wp:attachment":[{"href":"https:\/\/enskaehitus.ee\/ru\/wp-json\/wp\/v2\/media?parent=2045"}],"curies":[{"name":"wp","href":"https:\/\/api.w.org\/{rel}","templated":true}]}}